{"id":101,"date":"2020-09-29T01:44:50","date_gmt":"2020-09-29T01:44:50","guid":{"rendered":"https:\/\/diafragma4.com.ar\/?page_id=101"},"modified":"2022-09-05T23:14:19","modified_gmt":"2022-09-05T23:14:19","slug":"porfolio-creativo","status":"publish","type":"page","link":"https:\/\/diafragma4.com.ar\/?page_id=101","title":{"rendered":"Porfolio Creativo"},"content":{"rendered":"\n<p>En esta secci\u00f3n encontraras nuestros trabajos creativos, buscamos permanentemente  nuevos desaf\u00edos.<\/p>\n\n\n\n<div class=\"wp-block-image\"><figure class=\"aligncenter size-large is-resized\"><img loading=\"lazy\" decoding=\"async\" src=\"https:\/\/diafragma4.com.ar\/wp-content\/uploads\/2022\/09\/DSC_3147-Editar24-683x1024.jpg\" alt=\"\" class=\"wp-image-876\" width=\"757\" height=\"1134\" srcset=\"https:\/\/diafragma4.com.ar\/wp-content\/uploads\/2022\/09\/DSC_3147-Editar24-683x1024.jpg 683w, https:\/\/diafragma4.com.ar\/wp-content\/uploads\/2022\/09\/DSC_3147-Editar24-200x300.jpg 200w\" sizes=\"(max-width: 757px) 100vw, 757px\" \/><\/figure><\/div>\n\n\n\n<p>Foto de Boudoir, inspirada en antiguos cuadros, realizada dentro de nuestro proyecto Mujeres en Foco<\/p>\n\n\n\n<div class=\"wp-block-image\"><figure class=\"aligncenter size-large\"><img loading=\"lazy\" decoding=\"async\" width=\"1024\" height=\"768\" src=\"https:\/\/diafragma4.com.ar\/wp-content\/uploads\/2020\/09\/original-y-copia-desafio-museo-paul-getty-1024x768.jpg\" alt=\"\" class=\"wp-image-58\" srcset=\"https:\/\/diafragma4.com.ar\/wp-content\/uploads\/2020\/09\/original-y-copia-desafio-museo-paul-getty-1024x768.jpg 1024w, https:\/\/diafragma4.com.ar\/wp-content\/uploads\/2020\/09\/original-y-copia-desafio-museo-paul-getty-300x225.jpg 300w, https:\/\/diafragma4.com.ar\/wp-content\/uploads\/2020\/09\/original-y-copia-desafio-museo-paul-getty-768x576.jpg 768w, https:\/\/diafragma4.com.ar\/wp-content\/uploads\/2020\/09\/original-y-copia-desafio-museo-paul-getty-1536x1152.jpg 1536w, https:\/\/diafragma4.com.ar\/wp-content\/uploads\/2020\/09\/original-y-copia-desafio-museo-paul-getty.jpg 2048w\" sizes=\"(max-width: 1024px) 100vw, 1024px\" \/><figcaption>Recreacion de \u00b4El Astronomo\u00a8de Gerrit Dou<\/figcaption><\/figure><\/div>\n\n\n\n<div class=\"wp-block-image\"><figure class=\"aligncenter size-large\"><img loading=\"lazy\" decoding=\"async\" width=\"1024\" height=\"683\" src=\"https:\/\/diafragma4.com.ar\/wp-content\/uploads\/2020\/09\/original-y-copia-1024x683.jpg\" alt=\"\" class=\"wp-image-57\" srcset=\"https:\/\/diafragma4.com.ar\/wp-content\/uploads\/2020\/09\/original-y-copia-1024x683.jpg 1024w, https:\/\/diafragma4.com.ar\/wp-content\/uploads\/2020\/09\/original-y-copia-300x200.jpg 300w, https:\/\/diafragma4.com.ar\/wp-content\/uploads\/2020\/09\/original-y-copia-768x512.jpg 768w, https:\/\/diafragma4.com.ar\/wp-content\/uploads\/2020\/09\/original-y-copia-1536x1024.jpg 1536w, https:\/\/diafragma4.com.ar\/wp-content\/uploads\/2020\/09\/original-y-copia-2048x1365.jpg 2048w\" sizes=\"(max-width: 1024px) 100vw, 1024px\" \/><figcaption>Recreacion de \u00a8David con la cabeza de Goliat\u00a8de Simon de Vouet<\/figcaption><\/figure><\/div>\n\n\n\n<figure class=\"wp-block-embed is-type-video is-provider-youtube wp-block-embed-youtube wp-embed-aspect-16-9 wp-has-aspect-ratio\"><div class=\"wp-block-embed__wrapper\">\n<iframe loading=\"lazy\" title=\"Recreaci\u00f3n fotogr\u00e1fica de un cuadro antiguo\" width=\"1140\" height=\"641\" src=\"https:\/\/www.youtube.com\/embed\/8Aiapac0fsQ?feature=oembed\" frameborder=\"0\" allow=\"accelerometer; autoplay; clipboard-write; encrypted-media; gyroscope; picture-in-picture\" allowfullscreen><\/iframe>\n<\/div><\/figure>\n\n\n\n<div class=\"wp-block-image\"><figure class=\"aligncenter size-large\"><img loading=\"lazy\" decoding=\"async\" width=\"1024\" height=\"711\" src=\"https:\/\/diafragma4.com.ar\/wp-content\/uploads\/2020\/09\/ORIGINAL-Y-COPIA-SANTIAGO-1024x711.jpg\" alt=\"\" class=\"wp-image-56\" srcset=\"https:\/\/diafragma4.com.ar\/wp-content\/uploads\/2020\/09\/ORIGINAL-Y-COPIA-SANTIAGO-1024x711.jpg 1024w, https:\/\/diafragma4.com.ar\/wp-content\/uploads\/2020\/09\/ORIGINAL-Y-COPIA-SANTIAGO-300x208.jpg 300w, https:\/\/diafragma4.com.ar\/wp-content\/uploads\/2020\/09\/ORIGINAL-Y-COPIA-SANTIAGO-768x533.jpg 768w, https:\/\/diafragma4.com.ar\/wp-content\/uploads\/2020\/09\/ORIGINAL-Y-COPIA-SANTIAGO-1536x1066.jpg 1536w, https:\/\/diafragma4.com.ar\/wp-content\/uploads\/2020\/09\/ORIGINAL-Y-COPIA-SANTIAGO-2048x1421.jpg 2048w\" sizes=\"(max-width: 1024px) 100vw, 1024px\" \/><figcaption>Recreacion de \u00a8Santiago el Mayor\u00a8 de Guido Reni<\/figcaption><\/figure><\/div>\n\n\n\n<figure class=\"wp-block-gallery columns-2 is-cropped wp-block-gallery-1 is-layout-flex wp-block-gallery-is-layout-flex\"><ul class=\"blocks-gallery-grid\"><li class=\"blocks-gallery-item\"><figure><img loading=\"lazy\" decoding=\"async\" width=\"683\" height=\"1024\" src=\"https:\/\/diafragma4.com.ar\/wp-content\/uploads\/2021\/06\/DF42838-683x1024.jpg\" alt=\"\" data-id=\"475\" data-full-url=\"https:\/\/diafragma4.com.ar\/wp-content\/uploads\/2021\/06\/DF42838.jpg\" data-link=\"https:\/\/diafragma4.com.ar\/?attachment_id=475\" class=\"wp-image-475\" srcset=\"https:\/\/diafragma4.com.ar\/wp-content\/uploads\/2021\/06\/DF42838-683x1024.jpg 683w, https:\/\/diafragma4.com.ar\/wp-content\/uploads\/2021\/06\/DF42838-200x300.jpg 200w, https:\/\/diafragma4.com.ar\/wp-content\/uploads\/2021\/06\/DF42838-768x1152.jpg 768w, https:\/\/diafragma4.com.ar\/wp-content\/uploads\/2021\/06\/DF42838-1024x1536.jpg 1024w, https:\/\/diafragma4.com.ar\/wp-content\/uploads\/2021\/06\/DF42838.jpg 1365w\" sizes=\"(max-width: 683px) 100vw, 683px\" \/><\/figure><\/li><li class=\"blocks-gallery-item\"><figure><img loading=\"lazy\" decoding=\"async\" width=\"776\" height=\"1024\" src=\"https:\/\/diafragma4.com.ar\/wp-content\/uploads\/2021\/06\/Michelangelo_Merisi_called_Caravaggio_-_Saint_John_the_Baptist_in_the_Wilderness_-_Google_Art_Project-776x1024.jpg\" alt=\"\" data-id=\"477\" data-full-url=\"https:\/\/diafragma4.com.ar\/wp-content\/uploads\/2021\/06\/Michelangelo_Merisi_called_Caravaggio_-_Saint_John_the_Baptist_in_the_Wilderness_-_Google_Art_Project.jpg\" data-link=\"https:\/\/diafragma4.com.ar\/?attachment_id=477\" class=\"wp-image-477\" srcset=\"https:\/\/diafragma4.com.ar\/wp-content\/uploads\/2021\/06\/Michelangelo_Merisi_called_Caravaggio_-_Saint_John_the_Baptist_in_the_Wilderness_-_Google_Art_Project-776x1024.jpg 776w, https:\/\/diafragma4.com.ar\/wp-content\/uploads\/2021\/06\/Michelangelo_Merisi_called_Caravaggio_-_Saint_John_the_Baptist_in_the_Wilderness_-_Google_Art_Project-227x300.jpg 227w, https:\/\/diafragma4.com.ar\/wp-content\/uploads\/2021\/06\/Michelangelo_Merisi_called_Caravaggio_-_Saint_John_the_Baptist_in_the_Wilderness_-_Google_Art_Project-768x1013.jpg 768w, https:\/\/diafragma4.com.ar\/wp-content\/uploads\/2021\/06\/Michelangelo_Merisi_called_Caravaggio_-_Saint_John_the_Baptist_in_the_Wilderness_-_Google_Art_Project.jpg 800w\" sizes=\"(max-width: 776px) 100vw, 776px\" \/><\/figure><\/li><\/ul><\/figure>\n\n\n\n<p class=\"has-text-align-center\"> Recreaci\u00f3n de \u00a8Juan Bautista\u00a8 de Caravaggio en 1604<\/p>\n\n\n\n<figure class=\"wp-block-embed is-type-video is-provider-youtube wp-block-embed-youtube wp-embed-aspect-16-9 wp-has-aspect-ratio\"><div class=\"wp-block-embed__wrapper\">\n<iframe loading=\"lazy\" title=\"DIAFRAGMA 4 FOTOGRAFIA\" width=\"1140\" height=\"641\" src=\"https:\/\/www.youtube.com\/embed\/BN5LpfaQ-cE?feature=oembed\" frameborder=\"0\" allow=\"accelerometer; autoplay; clipboard-write; encrypted-media; gyroscope; picture-in-picture\" allowfullscreen><\/iframe>\n<\/div><\/figure>\n","protected":false},"excerpt":{"rendered":"<p>En esta secci\u00f3n encontraras nuestros trabajos creativos, buscamos permanentemente nuevos desaf\u00edos. Foto de Boudoir, inspirada en antiguos cuadros, realizada dentro de nuestro proyecto Mujeres en Foco Recreaci\u00f3n de \u00a8Juan Bautista\u00a8 de Caravaggio en 1604<\/p>\n","protected":false},"author":1,"featured_media":0,"parent":0,"menu_order":0,"comment_status":"closed","ping_status":"closed","template":"","meta":{"footnotes":""},"_links":{"self":[{"href":"https:\/\/diafragma4.com.ar\/index.php?rest_route=\/wp\/v2\/pages\/101"}],"collection":[{"href":"https:\/\/diafragma4.com.ar\/index.php?rest_route=\/wp\/v2\/pages"}],"about":[{"href":"https:\/\/diafragma4.com.ar\/index.php?rest_route=\/wp\/v2\/types\/page"}],"author":[{"embeddable":true,"href":"https:\/\/diafragma4.com.ar\/index.php?rest_route=\/wp\/v2\/users\/1"}],"replies":[{"embeddable":true,"href":"https:\/\/diafragma4.com.ar\/index.php?rest_route=%2Fwp%2Fv2%2Fcomments&post=101"}],"version-history":[{"count":16,"href":"https:\/\/diafragma4.com.ar\/index.php?rest_route=\/wp\/v2\/pages\/101\/revisions"}],"predecessor-version":[{"id":880,"href":"https:\/\/diafragma4.com.ar\/index.php?rest_route=\/wp\/v2\/pages\/101\/revisions\/880"}],"wp:attachment":[{"href":"https:\/\/diafragma4.com.ar\/index.php?rest_route=%2Fwp%2Fv2%2Fmedia&parent=101"}],"curies":[{"name":"wp","href":"https:\/\/api.w.org\/{rel}","templated":true}]}}