{"id":71,"date":"2020-09-29T00:40:16","date_gmt":"2020-09-29T00:40:16","guid":{"rendered":"https:\/\/diafragma4.com.ar\/?page_id=71"},"modified":"2020-09-29T01:08:13","modified_gmt":"2020-09-29T01:08:13","slug":"para-fotografos","status":"publish","type":"page","link":"https:\/\/diafragma4.com.ar\/?page_id=71","title":{"rendered":"Fotografos"},"content":{"rendered":"\n<p>Brindamos capacitaciones a colegas<\/p>\n\n\n\n<p>-Iluminaci\u00f3n en estudio<\/p>\n\n\n\n<p>-Fotograf\u00eda b\u00e1sica y avanzada<\/p>\n\n\n\n<p>-Revelado y edici\u00f3n digital<\/p>\n\n\n\n<p><\/p>\n","protected":false},"excerpt":{"rendered":"<p>Brindamos capacitaciones a colegas -Iluminaci\u00f3n en estudio -Fotograf\u00eda b\u00e1sica y avanzada -Revelado y edici\u00f3n digital<\/p>\n","protected":false},"author":1,"featured_media":0,"parent":15,"menu_order":0,"comment_status":"closed","ping_status":"closed","template":"","meta":{"footnotes":""},"_links":{"self":[{"href":"https:\/\/diafragma4.com.ar\/index.php?rest_route=\/wp\/v2\/pages\/71"}],"collection":[{"href":"https:\/\/diafragma4.com.ar\/index.php?rest_route=\/wp\/v2\/pages"}],"about":[{"href":"https:\/\/diafragma4.com.ar\/index.php?rest_route=\/wp\/v2\/types\/page"}],"author":[{"embeddable":true,"href":"https:\/\/diafragma4.com.ar\/index.php?rest_route=\/wp\/v2\/users\/1"}],"replies":[{"embeddable":true,"href":"https:\/\/diafragma4.com.ar\/index.php?rest_route=%2Fwp%2Fv2%2Fcomments&post=71"}],"version-history":[{"count":4,"href":"https:\/\/diafragma4.com.ar\/index.php?rest_route=\/wp\/v2\/pages\/71\/revisions"}],"predecessor-version":[{"id":87,"href":"https:\/\/diafragma4.com.ar\/index.php?rest_route=\/wp\/v2\/pages\/71\/revisions\/87"}],"up":[{"embeddable":true,"href":"https:\/\/diafragma4.com.ar\/index.php?rest_route=\/wp\/v2\/pages\/15"}],"wp:attachment":[{"href":"https:\/\/diafragma4.com.ar\/index.php?rest_route=%2Fwp%2Fv2%2Fmedia&parent=71"}],"curies":[{"name":"wp","href":"https:\/\/api.w.org\/{rel}","templated":true}]}}