{"id":862,"date":"2022-09-05T23:02:44","date_gmt":"2022-09-05T23:02:44","guid":{"rendered":"https:\/\/diafragma4.com.ar\/?page_id=862"},"modified":"2024-08-01T23:18:50","modified_gmt":"2024-08-01T23:18:50","slug":"mujeres-en-foco","status":"publish","type":"page","link":"https:\/\/diafragma4.com.ar\/?page_id=862","title":{"rendered":"MUJERES EN FOCO"},"content":{"rendered":"\n<p class=\"has-large-font-size\">Retratos de mujeres<\/p>\n\n\n\n<div class=\"wp-block-buttons is-layout-flex wp-block-buttons-is-layout-flex\"><\/div>\n\n\n\n<p class=\"has-medium-font-size\"> Puedo retratar mujeres en cualquier momento de sus vidas.<\/p>\n\n\n\n<p>Encontra mas sobre este proyecto haciendo click en el boton o escribime con el boton de whapp<\/p>\n\n\n\n<div class=\"wp-block-buttons is-layout-flex wp-block-buttons-is-layout-flex\"><\/div>\n\n\n\n<div class=\"wp-block-buttons is-layout-flex wp-block-buttons-is-layout-flex\">\n<div class=\"wp-block-button is-style-outline\"><a class=\"wp-block-button__link wp-element-button\" href=\"https:\/\/valerialafon.mypixieset.com\/contact\/\">https:\/\/valerialafon.mypixieset.com<\/a><\/div>\n\n\n\n<div class=\"wp-block-button is-style-outline\"><a class=\"wp-block-button__link wp-element-button\" href=\"https:\/\/valerialafon.mypixieset.com\/contact\/\">\/contact\/<\/a><\/div>\n<\/div>\n\n\n\n<figure class=\"wp-block-pullquote is-style-default\"><blockquote><p>Te ofrezco una sesi\u00f3n \u00fanica, para que te vayas de mi estudio cambiando tu percepci\u00f3n de vos misma.<br>Ll\u00e9vate tu mejor versi\u00f3n en fotos.<\/p><\/blockquote><\/figure>\n\n\n\n<figure class=\"wp-block-gallery has-nested-images columns-default is-cropped wp-block-gallery-1 is-layout-flex wp-block-gallery-is-layout-flex\">\n<figure class=\"wp-block-image size-large\"><img loading=\"lazy\" decoding=\"async\" width=\"1024\" height=\"683\" data-id=\"944\" src=\"https:\/\/diafragma4.com.ar\/wp-content\/uploads\/2022\/11\/DSC_4427-FB-1-1024x683.jpg\" alt=\"\" class=\"wp-image-944\" srcset=\"https:\/\/diafragma4.com.ar\/wp-content\/uploads\/2022\/11\/DSC_4427-FB-1-1024x683.jpg 1024w, https:\/\/diafragma4.com.ar\/wp-content\/uploads\/2022\/11\/DSC_4427-FB-1-300x200.jpg 300w, https:\/\/diafragma4.com.ar\/wp-content\/uploads\/2022\/11\/DSC_4427-FB-1-768x512.jpg 768w, https:\/\/diafragma4.com.ar\/wp-content\/uploads\/2022\/11\/DSC_4427-FB-1-1536x1024.jpg 1536w, https:\/\/diafragma4.com.ar\/wp-content\/uploads\/2022\/11\/DSC_4427-FB-1-2048x1366.jpg 2048w\" sizes=\"(max-width: 1024px) 100vw, 1024px\" \/><\/figure>\n<\/figure>\n\n\n\n<p class=\"has-text-align-center has-large-font-size\" id=\"boudoir-novias\">Boudoir Novias<\/p>\n\n\n\n<p class=\"has-text-align-center has-medium-font-size\">Una sesi\u00f3n preboda para la novia, \u00fanica en su tipo.<\/p>\n\n\n\n<figure class=\"wp-block-gallery has-nested-images columns-default is-cropped wp-block-gallery-2 is-layout-flex wp-block-gallery-is-layout-flex\">\n<figure class=\"wp-block-image size-large\"><img loading=\"lazy\" decoding=\"async\" width=\"681\" height=\"1024\" data-id=\"865\" src=\"https:\/\/diafragma4.com.ar\/wp-content\/uploads\/2022\/09\/DSC_293305-681x1024.jpg\" alt=\"\" class=\"wp-image-865\" srcset=\"https:\/\/diafragma4.com.ar\/wp-content\/uploads\/2022\/09\/DSC_293305-681x1024.jpg 681w, https:\/\/diafragma4.com.ar\/wp-content\/uploads\/2022\/09\/DSC_293305-200x300.jpg 200w, https:\/\/diafragma4.com.ar\/wp-content\/uploads\/2022\/09\/DSC_293305-768x1154.jpg 768w, https:\/\/diafragma4.com.ar\/wp-content\/uploads\/2022\/09\/DSC_293305-1022x1536.jpg 1022w, https:\/\/diafragma4.com.ar\/wp-content\/uploads\/2022\/09\/DSC_293305-1363x2048.jpg 1363w, https:\/\/diafragma4.com.ar\/wp-content\/uploads\/2022\/09\/DSC_293305.jpg 1364w\" sizes=\"(max-width: 681px) 100vw, 681px\" \/><\/figure>\n\n\n\n<figure class=\"wp-block-image size-large\"><img loading=\"lazy\" decoding=\"async\" width=\"682\" height=\"1024\" data-id=\"864\" src=\"https:\/\/diafragma4.com.ar\/wp-content\/uploads\/2022\/09\/DSC_2969-Editar13-682x1024.jpg\" alt=\"\" class=\"wp-image-864\" srcset=\"https:\/\/diafragma4.com.ar\/wp-content\/uploads\/2022\/09\/DSC_2969-Editar13-682x1024.jpg 682w, https:\/\/diafragma4.com.ar\/wp-content\/uploads\/2022\/09\/DSC_2969-Editar13-200x300.jpg 200w, https:\/\/diafragma4.com.ar\/wp-content\/uploads\/2022\/09\/DSC_2969-Editar13-768x1153.jpg 768w, https:\/\/diafragma4.com.ar\/wp-content\/uploads\/2022\/09\/DSC_2969-Editar13-1023x1536.jpg 1023w, https:\/\/diafragma4.com.ar\/wp-content\/uploads\/2022\/09\/DSC_2969-Editar13.jpg 1328w\" sizes=\"(max-width: 682px) 100vw, 682px\" \/><\/figure>\n\n\n\n<figure class=\"wp-block-image size-large\"><img loading=\"lazy\" decoding=\"async\" width=\"681\" height=\"1024\" data-id=\"866\" src=\"https:\/\/diafragma4.com.ar\/wp-content\/uploads\/2022\/09\/DSC_294608-681x1024.jpg\" alt=\"\" class=\"wp-image-866\" srcset=\"https:\/\/diafragma4.com.ar\/wp-content\/uploads\/2022\/09\/DSC_294608-681x1024.jpg 681w, https:\/\/diafragma4.com.ar\/wp-content\/uploads\/2022\/09\/DSC_294608-200x300.jpg 200w, https:\/\/diafragma4.com.ar\/wp-content\/uploads\/2022\/09\/DSC_294608-768x1154.jpg 768w, https:\/\/diafragma4.com.ar\/wp-content\/uploads\/2022\/09\/DSC_294608-1022x1536.jpg 1022w, https:\/\/diafragma4.com.ar\/wp-content\/uploads\/2022\/09\/DSC_294608-1363x2048.jpg 1363w, https:\/\/diafragma4.com.ar\/wp-content\/uploads\/2022\/09\/DSC_294608.jpg 1364w\" sizes=\"(max-width: 681px) 100vw, 681px\" \/><\/figure>\n<\/figure>\n\n\n\n<figure class=\"wp-block-gallery has-nested-images columns-default is-cropped wp-block-gallery-3 is-layout-flex wp-block-gallery-is-layout-flex\">\n<figure class=\"wp-block-image size-large\"><img loading=\"lazy\" decoding=\"async\" width=\"683\" height=\"1024\" data-id=\"868\" src=\"https:\/\/diafragma4.com.ar\/wp-content\/uploads\/2022\/09\/DSC_299514-683x1024.jpg\" alt=\"\" class=\"wp-image-868\" srcset=\"https:\/\/diafragma4.com.ar\/wp-content\/uploads\/2022\/09\/DSC_299514-683x1024.jpg 683w, https:\/\/diafragma4.com.ar\/wp-content\/uploads\/2022\/09\/DSC_299514-200x300.jpg 200w, https:\/\/diafragma4.com.ar\/wp-content\/uploads\/2022\/09\/DSC_299514-768x1151.jpg 768w, https:\/\/diafragma4.com.ar\/wp-content\/uploads\/2022\/09\/DSC_299514-1025x1536.jpg 1025w, https:\/\/diafragma4.com.ar\/wp-content\/uploads\/2022\/09\/DSC_299514.jpg 1096w\" sizes=\"(max-width: 683px) 100vw, 683px\" \/><\/figure>\n\n\n\n<figure class=\"wp-block-image size-large\"><img loading=\"lazy\" decoding=\"async\" width=\"682\" height=\"1024\" data-id=\"867\" src=\"https:\/\/diafragma4.com.ar\/wp-content\/uploads\/2022\/09\/DSC_295110-682x1024.jpg\" alt=\"\" class=\"wp-image-867\" srcset=\"https:\/\/diafragma4.com.ar\/wp-content\/uploads\/2022\/09\/DSC_295110-682x1024.jpg 682w, https:\/\/diafragma4.com.ar\/wp-content\/uploads\/2022\/09\/DSC_295110-200x300.jpg 200w, https:\/\/diafragma4.com.ar\/wp-content\/uploads\/2022\/09\/DSC_295110-768x1152.jpg 768w, https:\/\/diafragma4.com.ar\/wp-content\/uploads\/2022\/09\/DSC_295110-1024x1536.jpg 1024w, https:\/\/diafragma4.com.ar\/wp-content\/uploads\/2022\/09\/DSC_295110.jpg 1245w\" sizes=\"(max-width: 682px) 100vw, 682px\" \/><\/figure>\n\n\n\n<figure class=\"wp-block-image size-large\"><img loading=\"lazy\" decoding=\"async\" width=\"683\" height=\"1024\" data-id=\"869\" src=\"https:\/\/diafragma4.com.ar\/wp-content\/uploads\/2022\/09\/DSC_301616-683x1024.jpg\" alt=\"\" class=\"wp-image-869\" srcset=\"https:\/\/diafragma4.com.ar\/wp-content\/uploads\/2022\/09\/DSC_301616-683x1024.jpg 683w, https:\/\/diafragma4.com.ar\/wp-content\/uploads\/2022\/09\/DSC_301616-200x300.jpg 200w, https:\/\/diafragma4.com.ar\/wp-content\/uploads\/2022\/09\/DSC_301616-768x1152.jpg 768w, https:\/\/diafragma4.com.ar\/wp-content\/uploads\/2022\/09\/DSC_301616-1024x1536.jpg 1024w, https:\/\/diafragma4.com.ar\/wp-content\/uploads\/2022\/09\/DSC_301616.jpg 1291w\" sizes=\"(max-width: 683px) 100vw, 683px\" \/><\/figure>\n<\/figure>\n\n\n\n<p class=\"has-text-align-center has-large-font-size\"> Mujeres Reales<\/p>\n\n\n\n<p class=\"has-text-align-center has-medium-font-size\">Sesiones para mujeres reales, mujeres \u00fanicas.<\/p>\n\n\n\n<figure class=\"wp-block-gallery has-nested-images columns-default is-cropped wp-block-gallery-4 is-layout-flex wp-block-gallery-is-layout-flex\">\n<figure class=\"wp-block-image size-large\"><img loading=\"lazy\" decoding=\"async\" width=\"681\" height=\"1024\" data-id=\"953\" src=\"https:\/\/diafragma4.com.ar\/wp-content\/uploads\/2023\/03\/ZD4_6456-Editar-copy-681x1024.jpg\" alt=\"\" class=\"wp-image-953\" srcset=\"https:\/\/diafragma4.com.ar\/wp-content\/uploads\/2023\/03\/ZD4_6456-Editar-copy-681x1024.jpg 681w, https:\/\/diafragma4.com.ar\/wp-content\/uploads\/2023\/03\/ZD4_6456-Editar-copy-199x300.jpg 199w, https:\/\/diafragma4.com.ar\/wp-content\/uploads\/2023\/03\/ZD4_6456-Editar-copy-768x1155.jpg 768w, https:\/\/diafragma4.com.ar\/wp-content\/uploads\/2023\/03\/ZD4_6456-Editar-copy-1021x1536.jpg 1021w, https:\/\/diafragma4.com.ar\/wp-content\/uploads\/2023\/03\/ZD4_6456-Editar-copy.jpg 1362w\" sizes=\"(max-width: 681px) 100vw, 681px\" \/><\/figure>\n\n\n\n<figure class=\"wp-block-image size-large\"><img loading=\"lazy\" decoding=\"async\" width=\"681\" height=\"1024\" data-id=\"951\" src=\"https:\/\/diafragma4.com.ar\/wp-content\/uploads\/2023\/03\/ZD4_6467-BYN-copy-681x1024.jpg\" alt=\"\" class=\"wp-image-951\" srcset=\"https:\/\/diafragma4.com.ar\/wp-content\/uploads\/2023\/03\/ZD4_6467-BYN-copy-681x1024.jpg 681w, https:\/\/diafragma4.com.ar\/wp-content\/uploads\/2023\/03\/ZD4_6467-BYN-copy-200x300.jpg 200w, https:\/\/diafragma4.com.ar\/wp-content\/uploads\/2023\/03\/ZD4_6467-BYN-copy-768x1155.jpg 768w, https:\/\/diafragma4.com.ar\/wp-content\/uploads\/2023\/03\/ZD4_6467-BYN-copy-1022x1536.jpg 1022w, https:\/\/diafragma4.com.ar\/wp-content\/uploads\/2023\/03\/ZD4_6467-BYN-copy.jpg 1363w\" sizes=\"(max-width: 681px) 100vw, 681px\" \/><\/figure>\n\n\n\n<figure class=\"wp-block-image size-large\"><img loading=\"lazy\" decoding=\"async\" width=\"681\" height=\"1024\" data-id=\"952\" src=\"https:\/\/diafragma4.com.ar\/wp-content\/uploads\/2023\/03\/ZD4_6474-copy-681x1024.jpg\" alt=\"\" class=\"wp-image-952\" srcset=\"https:\/\/diafragma4.com.ar\/wp-content\/uploads\/2023\/03\/ZD4_6474-copy-681x1024.jpg 681w, https:\/\/diafragma4.com.ar\/wp-content\/uploads\/2023\/03\/ZD4_6474-copy-200x300.jpg 200w, https:\/\/diafragma4.com.ar\/wp-content\/uploads\/2023\/03\/ZD4_6474-copy-768x1155.jpg 768w, https:\/\/diafragma4.com.ar\/wp-content\/uploads\/2023\/03\/ZD4_6474-copy-1022x1536.jpg 1022w, https:\/\/diafragma4.com.ar\/wp-content\/uploads\/2023\/03\/ZD4_6474-copy.jpg 1363w\" sizes=\"(max-width: 681px) 100vw, 681px\" \/><\/figure>\n<\/figure>\n\n\n\n<figure class=\"wp-block-gallery has-nested-images columns-default is-cropped wp-block-gallery-5 is-layout-flex wp-block-gallery-is-layout-flex\">\n<figure class=\"wp-block-image size-large\"><img loading=\"lazy\" decoding=\"async\" width=\"681\" height=\"1024\" data-id=\"1189\" src=\"https:\/\/diafragma4.com.ar\/wp-content\/uploads\/2024\/08\/DSC_2951DSC_2951DSC_2951DSC_2951-681x1024.jpg\" alt=\"\" class=\"wp-image-1189\" srcset=\"https:\/\/diafragma4.com.ar\/wp-content\/uploads\/2024\/08\/DSC_2951DSC_2951DSC_2951DSC_2951-681x1024.jpg 681w, https:\/\/diafragma4.com.ar\/wp-content\/uploads\/2024\/08\/DSC_2951DSC_2951DSC_2951DSC_2951-200x300.jpg 200w, https:\/\/diafragma4.com.ar\/wp-content\/uploads\/2024\/08\/DSC_2951DSC_2951DSC_2951DSC_2951-768x1154.jpg 768w, https:\/\/diafragma4.com.ar\/wp-content\/uploads\/2024\/08\/DSC_2951DSC_2951DSC_2951DSC_2951-1022x1536.jpg 1022w, https:\/\/diafragma4.com.ar\/wp-content\/uploads\/2024\/08\/DSC_2951DSC_2951DSC_2951DSC_2951-1363x2048.jpg 1363w, https:\/\/diafragma4.com.ar\/wp-content\/uploads\/2024\/08\/DSC_2951DSC_2951DSC_2951DSC_2951.jpg 1364w\" sizes=\"(max-width: 681px) 100vw, 681px\" \/><\/figure>\n\n\n\n<figure class=\"wp-block-image size-large\"><img loading=\"lazy\" decoding=\"async\" width=\"681\" height=\"1024\" data-id=\"1188\" src=\"https:\/\/diafragma4.com.ar\/wp-content\/uploads\/2024\/08\/DSC_2952DSC_2952DSC_2952DSC_2952-681x1024.jpg\" alt=\"\" class=\"wp-image-1188\" srcset=\"https:\/\/diafragma4.com.ar\/wp-content\/uploads\/2024\/08\/DSC_2952DSC_2952DSC_2952DSC_2952-681x1024.jpg 681w, https:\/\/diafragma4.com.ar\/wp-content\/uploads\/2024\/08\/DSC_2952DSC_2952DSC_2952DSC_2952-200x300.jpg 200w, https:\/\/diafragma4.com.ar\/wp-content\/uploads\/2024\/08\/DSC_2952DSC_2952DSC_2952DSC_2952-768x1154.jpg 768w, https:\/\/diafragma4.com.ar\/wp-content\/uploads\/2024\/08\/DSC_2952DSC_2952DSC_2952DSC_2952-1022x1536.jpg 1022w, https:\/\/diafragma4.com.ar\/wp-content\/uploads\/2024\/08\/DSC_2952DSC_2952DSC_2952DSC_2952-1363x2048.jpg 1363w, https:\/\/diafragma4.com.ar\/wp-content\/uploads\/2024\/08\/DSC_2952DSC_2952DSC_2952DSC_2952.jpg 1364w\" sizes=\"(max-width: 681px) 100vw, 681px\" \/><\/figure>\n\n\n\n<figure class=\"wp-block-image size-large\"><img loading=\"lazy\" decoding=\"async\" width=\"682\" height=\"1024\" data-id=\"1187\" src=\"https:\/\/diafragma4.com.ar\/wp-content\/uploads\/2024\/08\/DSC_2954-682x1024.jpg\" alt=\"\" class=\"wp-image-1187\" srcset=\"https:\/\/diafragma4.com.ar\/wp-content\/uploads\/2024\/08\/DSC_2954-682x1024.jpg 682w, https:\/\/diafragma4.com.ar\/wp-content\/uploads\/2024\/08\/DSC_2954-200x300.jpg 200w, https:\/\/diafragma4.com.ar\/wp-content\/uploads\/2024\/08\/DSC_2954-768x1154.jpg 768w, https:\/\/diafragma4.com.ar\/wp-content\/uploads\/2024\/08\/DSC_2954-1022x1536.jpg 1022w, https:\/\/diafragma4.com.ar\/wp-content\/uploads\/2024\/08\/DSC_2954.jpg 1363w\" sizes=\"(max-width: 682px) 100vw, 682px\" \/><\/figure>\n<\/figure>\n\n\n\n<p><\/p>\n\n\n\n<figure class=\"wp-block-image size-large\"><img loading=\"lazy\" decoding=\"async\" width=\"1024\" height=\"1024\" src=\"https:\/\/diafragma4.com.ar\/wp-content\/uploads\/2024\/08\/collage-ig-1024x1024.jpg\" alt=\"\" class=\"wp-image-1190\" srcset=\"https:\/\/diafragma4.com.ar\/wp-content\/uploads\/2024\/08\/collage-ig-1024x1024.jpg 1024w, https:\/\/diafragma4.com.ar\/wp-content\/uploads\/2024\/08\/collage-ig-300x300.jpg 300w, https:\/\/diafragma4.com.ar\/wp-content\/uploads\/2024\/08\/collage-ig-150x150.jpg 150w, https:\/\/diafragma4.com.ar\/wp-content\/uploads\/2024\/08\/collage-ig-768x768.jpg 768w, https:\/\/diafragma4.com.ar\/wp-content\/uploads\/2024\/08\/collage-ig-1536x1536.jpg 1536w, https:\/\/diafragma4.com.ar\/wp-content\/uploads\/2024\/08\/collage-ig-510x510.jpg 510w, https:\/\/diafragma4.com.ar\/wp-content\/uploads\/2024\/08\/collage-ig.jpg 1977w\" sizes=\"(max-width: 1024px) 100vw, 1024px\" \/><\/figure>\n\n\n\n<figure class=\"wp-block-gallery has-nested-images columns-default is-cropped wp-block-gallery-6 is-layout-flex wp-block-gallery-is-layout-flex\"><\/figure>\n","protected":false},"excerpt":{"rendered":"<p>Retratos de mujeres Puedo retratar mujeres en cualquier momento de sus vidas. Encontra mas sobre este proyecto haciendo click en el boton o escribime con el boton de whapp Te ofrezco una sesi\u00f3n \u00fanica, para que te vayas de mi estudio cambiando tu percepci\u00f3n de vos misma.Ll\u00e9vate tu mejor versi\u00f3n en fotos. Boudoir Novias Una [&hellip;]<\/p>\n","protected":false},"author":1,"featured_media":865,"parent":0,"menu_order":0,"comment_status":"closed","ping_status":"closed","template":"","meta":{"footnotes":""},"_links":{"self":[{"href":"https:\/\/diafragma4.com.ar\/index.php?rest_route=\/wp\/v2\/pages\/862"}],"collection":[{"href":"https:\/\/diafragma4.com.ar\/index.php?rest_route=\/wp\/v2\/pages"}],"about":[{"href":"https:\/\/diafragma4.com.ar\/index.php?rest_route=\/wp\/v2\/types\/page"}],"author":[{"embeddable":true,"href":"https:\/\/diafragma4.com.ar\/index.php?rest_route=\/wp\/v2\/users\/1"}],"replies":[{"embeddable":true,"href":"https:\/\/diafragma4.com.ar\/index.php?rest_route=%2Fwp%2Fv2%2Fcomments&post=862"}],"version-history":[{"count":13,"href":"https:\/\/diafragma4.com.ar\/index.php?rest_route=\/wp\/v2\/pages\/862\/revisions"}],"predecessor-version":[{"id":1193,"href":"https:\/\/diafragma4.com.ar\/index.php?rest_route=\/wp\/v2\/pages\/862\/revisions\/1193"}],"wp:featuredmedia":[{"embeddable":true,"href":"https:\/\/diafragma4.com.ar\/index.php?rest_route=\/wp\/v2\/media\/865"}],"wp:attachment":[{"href":"https:\/\/diafragma4.com.ar\/index.php?rest_route=%2Fwp%2Fv2%2Fmedia&parent=862"}],"curies":[{"name":"wp","href":"https:\/\/api.w.org\/{rel}","templated":true}]}}